{"id":33,"date":"2023-09-04T22:24:31","date_gmt":"2023-09-04T22:24:31","guid":{"rendered":"https:\/\/199.247.7.9\/?page_id=33"},"modified":"2024-07-20T14:18:10","modified_gmt":"2024-07-20T12:18:10","slug":"about-us","status":"publish","type":"page","link":"https:\/\/bioscalar.de\/de\/about-us\/","title":{"rendered":"\u00dcber uns"},"content":{"rendered":"<div id=\"fws_69eb73702b647\"  data-column-margin=\"default\" data-midnight=\"dark\"  class=\"wpb_row vc_row-fluid vc_row\"  style=\"padding-top: 0px; padding-bottom: 0px; \"><div class=\"row-bg-wrap\" data-bg-animation=\"none\" data-bg-overlay=\"false\"><div class=\"inner-wrap\"><div class=\"row-bg\"  style=\"\"><\/div><\/div><\/div><div class=\"row_col_wrap_12 col span_12 dark left\">\n\t<div  class=\"vc_col-sm-12 wpb_column column_container vc_column_container col no-extra-padding inherit_tablet inherit_phone\"  data-padding-pos=\"all\" data-has-bg-color=\"false\" data-bg-color=\"\" data-bg-opacity=\"1\" data-animation=\"\" data-delay=\"0\" >\n\t\t<div class=\"vc_column-inner\" >\n\t\t\t<div class=\"wpb_wrapper\">\n\t\t\t\t<div class=\"divider-wrap\" data-alignment=\"default\"><div style=\"height: 50px;\" class=\"divider\"><\/div><\/div><div id=\"fws_69eb73702bb0e\" data-midnight=\"\" data-column-margin=\"default\" class=\"wpb_row vc_row-fluid vc_row inner_row\"  style=\"\"><div class=\"row-bg-wrap\"> <div class=\"row-bg\" ><\/div> <\/div><div class=\"row_col_wrap_12_inner col span_12  left\">\n\t<div  class=\"vc_col-sm-6 wpb_column column_container vc_column_container col child_column no-extra-padding inherit_tablet inherit_phone\"   data-padding-pos=\"all\" data-has-bg-color=\"false\" data-bg-color=\"\" data-bg-opacity=\"1\" data-animation=\"\" data-delay=\"0\">\n\t\t<div class=\"vc_column-inner\" >\n\t\t<div class=\"wpb_wrapper\">\n\t\t\t<div class=\"img-with-aniamtion-wrap center custom-width-88pct\" data-max-width=\"custom\" data-max-width-mobile=\"default\" data-shadow=\"none\" data-animation=\"grow-in\" >\r\n      <div class=\"inner\">\r\n        <div class=\"hover-wrap\"> \r\n          <div class=\"hover-wrap-inner\">\r\n            <img loading=\"lazy\" decoding=\"async\" class=\"img-with-animation skip-lazy\" data-delay=\"0\" height=\"1069\" width=\"982\" data-animation=\"grow-in\" src=\"https:\/\/bioscalar.de\/wp-content\/uploads\/2024\/07\/Alina-Haas-3.jpg\" alt=\"\" srcset=\"https:\/\/bioscalar.de\/wp-content\/uploads\/2024\/07\/Alina-Haas-3.jpg 982w, https:\/\/bioscalar.de\/wp-content\/uploads\/2024\/07\/Alina-Haas-3-276x300.jpg 276w, https:\/\/bioscalar.de\/wp-content\/uploads\/2024\/07\/Alina-Haas-3-941x1024.jpg 941w, https:\/\/bioscalar.de\/wp-content\/uploads\/2024\/07\/Alina-Haas-3-768x836.jpg 768w, https:\/\/bioscalar.de\/wp-content\/uploads\/2024\/07\/Alina-Haas-3-11x12.jpg 11w, https:\/\/bioscalar.de\/wp-content\/uploads\/2024\/07\/Alina-Haas-3-600x653.jpg 600w\" sizes=\"(min-width: 1450px) 75vw, (min-width: 1000px) 85vw, 100vw\" \/>\r\n          <\/div>\r\n        <\/div>\r\n      <\/div>\r\n    <\/div>\n\t\t<\/div> \n\t<\/div>\n\t<\/div> \n\n\t<div  class=\"vc_col-sm-6 wpb_column column_container vc_column_container col child_column no-extra-padding inherit_tablet inherit_phone\"   data-padding-pos=\"all\" data-has-bg-color=\"false\" data-bg-color=\"\" data-bg-opacity=\"1\" data-animation=\"\" data-delay=\"0\">\n\t\t<div class=\"vc_column-inner\" >\n\t\t<div class=\"wpb_wrapper\">\n\t\t\t\r\n<div class=\"wpb_text_column wpb_content_element\" >\r\n\t<div class=\"wpb_wrapper\">\r\n\t\t<p><!-- \/wp:image --><\/p>\n<p><!-- wp:paragraph --><strong>Alina Maria Haas<\/strong><\/p>\n<p><em><strong>Wegbereiterin und Innovatorin in der Welt der Skalar-Energie-Technologie<\/strong><\/em><\/p>\n<p>Mit nur 27 Jahren revolutioniert Alina Haas bereits die Technologie f\u00fcr Gesundheit und Wohlbefinden als die weltweit j\u00fcngste Besitzerin und Installateurin des Energy Enhancement System (EESystem) \u2013 einer bahnbrechenden Neuerung, die Skalar-Energie nutzt, um optimale Gesundheitszust\u00e4nde und Selbstverwirklichung zu erreichen. Alina ist nicht nur wegen ihrer bemerkenswerten Errungenschaften herausragend, sondern auch als die erste und einzige Frau in dieser Rolle, die aktiv die Geschlechtervielfalt in einem technologisch fortschrittlichen Bereich f\u00f6rdert.<\/p>\n<p>Ihr Engagement f\u00fcr die Skalar-Energie, die durch f\u00fcnfdimensionale Wellen die Zellregeneration anregt und die Gesundheit steigert, ist tief verwurzelt in einer vielseitigen Ausbildung. Urspr\u00fcnglich als K\u00f6chin ausgebildet, wo sie Pr\u00e4zision und Innovationskraft perfektionierte, adaptierte Alina diese F\u00e4higkeiten m\u00fchelos in ihre technologischen Unternehmungen. Ihre Erfahrung als Bodyguard hat ihr nicht nur Widerstandsf\u00e4higkeit verliehen, sondern auch eine strategische Denkweise, die sie nutzt, um die komplexen Herausforderungen der Gesundheitstechnologie zu meistern und zu f\u00fchren.<\/p>\n<p>Unter Alinas Leitung verwandelt das EESystem Leben, indem es bemerkenswerte Verbesserungen wie gesteigerte Immunfunktion, erh\u00f6hte geistige Klarheit und generelle Vitalit\u00e4t bietet. Diese Systeme, eingesetzt in Wellnesszentren, Privathaushalten und Meditationsr\u00e4umen, erm\u00f6glichen es den Menschen, durch wiederholte entspannende Sitzungen h\u00f6here Gesundheits- und Bewusstseinszust\u00e4nde zu erlangen.<\/p>\n<p>Alinas Vision reicht weit \u00fcber gesch\u00e4ftlichen Erfolg hinaus; sie m\u00f6chte eine nachhaltige Zukunft gestalten und eine neue \u00c4ra der Gesundheitsinnovation einleiten. Ihre Pionierarbeit inspiriert nicht nur eine neue Generation junger Frauen in der Technologie, sondern motiviert alle, die den Mut haben, die Grenzen des M\u00f6glichen zu \u00fcberschreiten und die Harmonie von K\u00f6rper, Geist und Seele mit der Wissenschaft der Zukunft zu vereinen.<\/p>\n<p><!-- \/wp:paragraph --><!-- \/wp:paragraph -->&nbsp;<\/p>\n\t<\/div>\r\n<\/div>\r\n\r\n\r\n\r\n\n\t\t<\/div> \n\t<\/div>\n\t<\/div> \n<\/div><\/div>\n\t\t\t<\/div> \n\t\t<\/div>\n\t<\/div> \n<\/div><\/div>\r\n\t\t<div id=\"fws_69eb73702d161\"  data-column-margin=\"default\" data-midnight=\"dark\"  class=\"wpb_row vc_row-fluid vc_row\"  style=\"padding-top: 0px; padding-bottom: 0px; \"><div class=\"row-bg-wrap\" data-bg-animation=\"none\" data-bg-overlay=\"false\"><div class=\"inner-wrap\"><div class=\"row-bg\"  style=\"\"><\/div><\/div><\/div><div class=\"row_col_wrap_12 col span_12 dark left\">\n\t<div  class=\"vc_col-sm-12 wpb_column column_container vc_column_container col no-extra-padding inherit_tablet inherit_phone\"  data-padding-pos=\"all\" data-has-bg-color=\"false\" data-bg-color=\"\" data-bg-opacity=\"1\" data-animation=\"\" data-delay=\"0\" >\n\t\t<div class=\"vc_column-inner\" >\n\t\t\t<div class=\"wpb_wrapper\">\n\t\t\t\t<div class=\"divider-wrap\" data-alignment=\"default\"><div style=\"height: 50px;\" class=\"divider\"><\/div><\/div><div id=\"fws_69eb73702d32e\" data-midnight=\"\" data-column-margin=\"default\" class=\"wpb_row vc_row-fluid vc_row inner_row\"  style=\"\"><div class=\"row-bg-wrap\"> <div class=\"row-bg\" ><\/div> <\/div><div class=\"row_col_wrap_12_inner col span_12  left\">\n\t<div  class=\"vc_col-sm-6 wpb_column column_container vc_column_container col child_column no-extra-padding inherit_tablet inherit_phone\"   data-padding-pos=\"all\" data-has-bg-color=\"false\" data-bg-color=\"\" data-bg-opacity=\"1\" data-animation=\"\" data-delay=\"0\">\n\t\t<div class=\"vc_column-inner\" >\n\t\t<div class=\"wpb_wrapper\">\n\t\t\t<div class=\"img-with-aniamtion-wrap right\" data-max-width=\"100%\" data-max-width-mobile=\"default\" data-shadow=\"none\" data-animation=\"grow-in\" >\r\n      <div class=\"inner\">\r\n        <div class=\"hover-wrap\"> \r\n          <div class=\"hover-wrap-inner\">\r\n            <img loading=\"lazy\" decoding=\"async\" class=\"img-with-animation skip-lazy\" data-delay=\"0\" height=\"593\" width=\"500\" data-animation=\"grow-in\" src=\"https:\/\/bioscalar.de\/wp-content\/uploads\/2023\/09\/Dr.-Sandra-Michael3.png\" alt=\"\" srcset=\"https:\/\/bioscalar.de\/wp-content\/uploads\/2023\/09\/Dr.-Sandra-Michael3.png 500w, https:\/\/bioscalar.de\/wp-content\/uploads\/2023\/09\/Dr.-Sandra-Michael3-253x300.png 253w, https:\/\/bioscalar.de\/wp-content\/uploads\/2023\/09\/Dr.-Sandra-Michael3-10x12.png 10w\" sizes=\"(min-width: 1450px) 75vw, (min-width: 1000px) 85vw, 100vw\" \/>\r\n          <\/div>\r\n        <\/div>\r\n      <\/div>\r\n    <\/div>\n\t\t<\/div> \n\t<\/div>\n\t<\/div> \n\n\t<div  class=\"vc_col-sm-6 wpb_column column_container vc_column_container col child_column no-extra-padding inherit_tablet inherit_phone\"   data-padding-pos=\"all\" data-has-bg-color=\"false\" data-bg-color=\"\" data-bg-opacity=\"1\" data-animation=\"\" data-delay=\"0\">\n\t\t<div class=\"vc_column-inner\" >\n\t\t<div class=\"wpb_wrapper\">\n\t\t\t\r\n<div class=\"wpb_text_column wpb_content_element\" >\r\n\t<div class=\"wpb_wrapper\">\r\n\t\t<p><!-- \/wp:image --><\/p>\n<p><!-- wp:paragraph --><strong>Dr. Sandra Rose Michael<\/strong><\/p>\n<p>Dr. Michael lehrt seit mehr als vier Jahrzehnten ganzheitliche Medizin und hat \nf\u00fcr ihre Forschung im Bereich der angewandten integrativen Biophysik \nrenommierte Auszeichnungen erhalten, z. B. vom Presidential and International \nWho's Who.<\/p>\n<p>Sie hat Vortr\u00e4ge bei den Vereinten Nationen, dem MIT, dem Weltgipfel f\u00fcr\nintegrale Medizin, dem Harvard Club, der Royal Society of Medicine, der Mount \nSinai Medical School, der Scalar Research Experts Conference, Anti-AgingKongressen und zahlreichen medizinischen Fakult\u00e4ten und \nGesundheitsministerien weltweit gehalten.<\/p>\n<p><!-- \/wp:paragraph --><\/p>\n<p><!-- wp:paragraph -->Dr. Michael wurde auch in verschiedenen nationalen Zeitungen und \nZeitschriftenartikeln erw\u00e4hnt, darunter eine k\u00fcrzlich im Journal of Neurology \nResearch ver\u00f6ffentlichte Studie \u00fcber Autismus und Anfallsleiden. \u00dcber die True \nBio-Scalar EESystem-Technologie wurde in Medien wie CNN, Fox News, The \nDoctors, The Wall Street Journal und The Beverly Hills Times berichtet<\/p>\n<p><!-- \/wp:paragraph --><\/p>\n<p><!-- wp:paragraph -->Dr. Michael wurde f\u00fcr ihr humanit\u00e4res Engagement zum Ritter geschlagen und \nist Dame Commander des Johanniterordens in der Tradition der orthodoxen \nRitter des Hospitalordens. Sie ist Gesundheitsministerin der Republik NeuLemurien, einem Land, das sich dem Frieden und der Heilung verschrieben hat. \nDr. Michael arbeitet an der Einrichtung von Energie-Wellness-Zentren f\u00fcr \nVeteranen in den Vereinigten Staaten und macht die Technologie zur \nEnergieverbesserung international verf\u00fcgbar.<\/p>\n<p><!-- \/wp:paragraph --><\/p>\n<p><!-- wp:paragraph -->\u200b<\/p>\n<p><!-- \/wp:paragraph --><\/p>\n\t<\/div>\r\n<\/div>\r\n\r\n\r\n\r\n\n\t\t<\/div> \n\t<\/div>\n\t<\/div> \n<\/div><\/div>\n\t\t\t<\/div> \n\t\t<\/div>\n\t<\/div> \n<\/div><\/div>","protected":false},"excerpt":{"rendered":"Alina Maria Haas Wegbereiterin und Innovatorin in der Welt der Skalar-Energie-Technologie Mit nur 27 Jahren revolutioniert Alina Haas bereits die Technologie f\u00fcr Gesundheit und Wohlbefinden als die weltweit j\u00fcngste Besitzerin...","protected":false},"author":3,"featured_media":0,"parent":0,"menu_order":0,"comment_status":"closed","ping_status":"closed","template":"","meta":{"footnotes":""},"class_list":["post-33","page","type-page","status-publish"],"_links":{"self":[{"href":"https:\/\/bioscalar.de\/de\/wp-json\/wp\/v2\/pages\/33"}],"collection":[{"href":"https:\/\/bioscalar.de\/de\/wp-json\/wp\/v2\/pages"}],"about":[{"href":"https:\/\/bioscalar.de\/de\/wp-json\/wp\/v2\/types\/page"}],"author":[{"embeddable":true,"href":"https:\/\/bioscalar.de\/de\/wp-json\/wp\/v2\/users\/3"}],"replies":[{"embeddable":true,"href":"https:\/\/bioscalar.de\/de\/wp-json\/wp\/v2\/comments?post=33"}],"version-history":[{"count":16,"href":"https:\/\/bioscalar.de\/de\/wp-json\/wp\/v2\/pages\/33\/revisions"}],"predecessor-version":[{"id":6991,"href":"https:\/\/bioscalar.de\/de\/wp-json\/wp\/v2\/pages\/33\/revisions\/6991"}],"wp:attachment":[{"href":"https:\/\/bioscalar.de\/de\/wp-json\/wp\/v2\/media?parent=33"}],"curies":[{"name":"wp","href":"https:\/\/api.w.org\/{rel}","templated":true}]}}