{"id":43,"date":"2023-09-04T22:36:34","date_gmt":"2023-09-04T22:36:34","guid":{"rendered":"https:\/\/199.247.7.9\/?page_id=43"},"modified":"2023-09-08T08:11:57","modified_gmt":"2023-09-08T08:11:57","slug":"faq","status":"publish","type":"page","link":"https:\/\/bioscalar.de\/de\/faq\/","title":{"rendered":"FAQ"},"content":{"rendered":"<style type=\"text\/css\">\n        \t        \t.thfaqf-tab h3.thfaqf-tablinks-42.active {\n\t\t\t    background-color: #f5f5f5!important;\n\t\t\t    color: #cc2753!important;\n\t\t\t}\n\t\t\t.thfaqf-tab h3.thfaqf-tablinks-42:hover {\n\t\t\t  \tbackground-color: #f5f5f5!important;\n\t\t\t}\n\t\t    .thfaqf-faq-item-42.thfaqf-active .thfaqf-title-text{\n\t\t\t\tcolor: #000000!important;\n\t\t\t}\n          \n        <\/style>\n       \t\t<div class=\"thfaqf-faq-list thfaqf-theme-wrapper-salient\">\n            <h3 class=\"thfaqf-faq-list-title\"><\/h3><div class=\"faq-item-wrapper\">\t\t<div id=\"thfaqf-faq-item-42_0\" class=\"thfaqf-faq-item  thfaqf-faq-item-42    thfaqf-post-id-42 thfaqf-count-dsply-setngs\" style=\"border-radius: 6px;\" >\n\t\t\t<div data-active_color=\"#000000\" class=\"thfaqf-faq-item-title\" style=\"border-width: 1px; border-style: solid; margin-bottom: -1px; background-color: #fcfcfc; border-color: #fcfcfc;\">\n \t\t\t\t<h4>\n \t\t\t\t\t \t\t\t\t<span class=\"thfaq-marker thfaqf-toggle-icon\" style=\" color: #b2b2b2;\"><\/span>\n \t\t\t\t\t<span class=\"thfaqf-title-text\" style=\" color: #02314a;\" >Was kann ich nach den Sitzungen machen um die Wirkung zu verbessern?<\/span>\n \t\t\t\t<\/h4>\t\n\t\t\t<\/div>\n\t\t\t<div class=\"thfaqf-faq-item-content\" style=\"border-width: 1px; border-style: solid; background-color: #fcfcfc; border-color: #fcfcfc; color: #02314a;\" >\n\t\t\t\t<p id=\"viewer-atf0a\" class=\"xVISr Y9Dpf OZy-3 lnyWN public-DraftStyleDefault-block-depth0 fixed-tab-size public-DraftStyleDefault-text-ltr\">Trinken Sie viel Wasser. Dies wird helfen, Giftstoffe zu beseitigen.Nehmen sie ein Detox Bad. Wir haben Spezielle Mischungen aus Meersalzen, Bio-Ingwer, Bio-Gr\u00fcntee, aluminiumfreien Backpulver und Bentonit-Ton zum Erwerb f\u00fcr sie im Haus. Sie k\u00f6nnen diese auch auf der offiziellen Seite des Energie Enhancement System bestellen.\u00a0Tragen Sie Ihre EE-geladene Halskette und Ihr Armband t\u00e4glich f\u00fcr allgemeines Wohlbefinden.\u00a0Ihre Sitzung st\u00e4rkt den K\u00f6rper, so dass er wieder seinen nat\u00fcrlichen Heilungsprozessen nachkommen kann, erleichtern sie es Ihm zus\u00e4tzlich durch eine gesunde Lebensweise mit viel Bewegung, Freude, Sonne und einer gesunden Ern\u00e4hrung.\u2764\ufe0f<\/p>\n\t\t\t\t<div class=\"thfaq-enable-comment-box thfaqf-hide\"> <div class=\"thfaqf-comment-wrapper\">\n\t\t\t<form form method=\"post\" class=\"thfaqf-post-comment\" action=\"\">\n\t\t\t\t<p><input class=\"thfaqf-comment-box thfaqf-uname\" type=\"text\" placeholder=\"Name...\"name=\"user_name\"\/><\/p>\n\t\t\t\t<p class=\"threq-name\"><\/p>\n\t\t\t\t<input type=\"hidden\" name=\"action\" value=\"thfaqf_comment\">\n\t\t\t\t<input type=\"hidden\" name=\"faq_id\" value=\"42\">\n\t\t\t\t<input type=\"hidden\" name=\"faq_index\"value=\"0\">\n\t\t\t\t<p><textarea placeholder=\"Add a Comment...\"name=\"user_msg\" class=\"thfaqf-comment-box thfaqf-ucomment\"><\/textarea><\/p>\n\t\t\t\t<p class=\"threq-comment\"><\/p>\n\t\t\t\t<input type=\"hidden\" name=\"wp_thfaqc_nonce\" value=\"50dd270fbc\"\/>\n\t\t    \t<p><button type=\"submit\" name=\"thfaqf_comment_submt\" class=\"thfaqf-submt-cmmt button primary is-xsmall\" onclick=\"submitFaqfComment(this)\">Send<\/button><\/p><p class=\"thfaqf-comment-validetion\"><\/p>\n\t\t    <input type=\"hidden\" name=\"trp-form-language\" value=\"de\"\/><\/form>\t\n\n\t\t    \t\t<\/div><\/div>\n\t\t\t<\/div>\n\t\t\t<div class=\"log\"><\/div>\n\t\t<\/div>\n \t\t\t\t<div id=\"thfaqf-faq-item-42_1\" class=\"thfaqf-faq-item  thfaqf-faq-item-42    thfaqf-post-id-42 thfaqf-count-dsply-setngs\" style=\"border-radius: 6px;\" >\n\t\t\t<div data-active_color=\"#000000\" class=\"thfaqf-faq-item-title\" style=\"border-width: 1px; border-style: solid; margin-bottom: -1px; background-color: #fcfcfc; border-color: #fcfcfc;\">\n \t\t\t\t<h4>\n \t\t\t\t\t \t\t\t\t<span class=\"thfaq-marker thfaqf-toggle-icon\" style=\" color: #b2b2b2;\"><\/span>\n \t\t\t\t\t<span class=\"thfaqf-title-text\" style=\" color: #02314a;\" >Wieviele Einheiten hat euer System?<\/span>\n \t\t\t\t<\/h4>\t\n\t\t\t<\/div>\n\t\t\t<div class=\"thfaqf-faq-item-content\" style=\"border-width: 1px; border-style: solid; background-color: #fcfcfc; border-color: #fcfcfc; color: #02314a;\" >\n\t\t\t\t<p>We have a powerful 24-unit system that can accommodate 4 participants for the day sessions and 6 overnight in our specially designed beds.<\/p>\n\t\t\t\t<div class=\"thfaq-enable-comment-box thfaqf-hide\"> <div class=\"thfaqf-comment-wrapper\">\n\t\t\t<form form method=\"post\" class=\"thfaqf-post-comment\" action=\"\">\n\t\t\t\t<p><input class=\"thfaqf-comment-box thfaqf-uname\" type=\"text\" placeholder=\"Name...\"name=\"user_name\"\/><\/p>\n\t\t\t\t<p class=\"threq-name\"><\/p>\n\t\t\t\t<input type=\"hidden\" name=\"action\" value=\"thfaqf_comment\">\n\t\t\t\t<input type=\"hidden\" name=\"faq_id\" value=\"42\">\n\t\t\t\t<input type=\"hidden\" name=\"faq_index\"value=\"1\">\n\t\t\t\t<p><textarea placeholder=\"Add a Comment...\"name=\"user_msg\" class=\"thfaqf-comment-box thfaqf-ucomment\"><\/textarea><\/p>\n\t\t\t\t<p class=\"threq-comment\"><\/p>\n\t\t\t\t<input type=\"hidden\" name=\"wp_thfaqc_nonce\" value=\"50dd270fbc\"\/>\n\t\t    \t<p><button type=\"submit\" name=\"thfaqf_comment_submt\" class=\"thfaqf-submt-cmmt button primary is-xsmall\" onclick=\"submitFaqfComment(this)\">Send<\/button><\/p><p class=\"thfaqf-comment-validetion\"><\/p>\n\t\t    <input type=\"hidden\" name=\"trp-form-language\" value=\"de\"\/><\/form>\t\n\n\t\t    \t\t<\/div><\/div>\n\t\t\t<\/div>\n\t\t\t<div class=\"log\"><\/div>\n\t\t<\/div>\n \t\t\t\t<div id=\"thfaqf-faq-item-42_2\" class=\"thfaqf-faq-item  thfaqf-faq-item-42    thfaqf-post-id-42 thfaqf-count-dsply-setngs\" style=\"border-radius: 6px;\" >\n\t\t\t<div data-active_color=\"#000000\" class=\"thfaqf-faq-item-title\" style=\"border-width: 1px; border-style: solid; margin-bottom: -1px; background-color: #fcfcfc; border-color: #fcfcfc;\">\n \t\t\t\t<h4>\n \t\t\t\t\t \t\t\t\t<span class=\"thfaq-marker thfaqf-toggle-icon\" style=\" color: #b2b2b2;\"><\/span>\n \t\t\t\t\t<span class=\"thfaqf-title-text\" style=\" color: #02314a;\" >Wie werde ich mich nach der Sitzung f\u00fchlen?<\/span>\n \t\t\t\t<\/h4>\t\n\t\t\t<\/div>\n\t\t\t<div class=\"thfaqf-faq-item-content\" style=\"border-width: 1px; border-style: solid; background-color: #fcfcfc; border-color: #fcfcfc; color: #02314a;\" >\n\t\t\t\t<p>Kunden berichten, dass sie erstaunt sind wie entspannt sie sich nach kurzer Zeit in dem System sind. Ich habe hier die h\u00e4ufigsten Dinge aufgelistet die Kunden berichtet haben.<\/p>\n<ul>\n<li>Gef\u00fchle von Harmonie, Zen, Einheit, Frieden &amp; Entspannung<\/li>\n<li>Nat\u00fcrliche Heilung und Verj\u00fcngung<\/li>\n<li>Gef\u00fchl von erh\u00f6hter Energie<\/li>\n<li>Linderung von Depressionen<\/li>\n<li>Linderung von Depressionen<\/li>\n<li>Schnelle postoperative Heilung<\/li>\n<li>Weniger Bindung an vergangene Traumata<\/li>\n<li>Das Gef\u00fchl wieder mehr zu sein, eine klarere Richtung zu haben<\/li>\n<li>Bessere Psychische Gesundheit<\/li>\n<li>Linderung von starken Schmerzen<\/li>\n<li>Leben im jetzt<\/li>\n<li>Existenziell verbessert (allgemeine Verbesserung)<\/li>\n<li>Verbesserte Blutprofiele<\/li>\n<li>Geistige Flexibilit\u00e4t<\/li>\n<li>Verbesserte Spontanit\u00e4t<\/li>\n<li>Verbesserte Zeitkompetenz<\/li>\n<li>Authentischer Leben<\/li>\n<li>Verbesserte Selbstakzeptanz<\/li>\n<li>Verbesserte Gegenwartswahrnehmung<\/li>\n<li>Bessere Reaktion auf Stressfaktoren<\/li>\n<li>Entgiftung<\/li>\n<li>Spitzenleistungen<\/li>\n<li>Gef\u00fchl der Selbsterkenntnis<\/li>\n<li>Super Lernzust\u00e4nde<\/li>\n<li>Selbstbewusstsein und Selbstliebe<\/li>\n<\/ul>\n<p>Dies ist eine Zusammenfassung der Berichte von Kunden aus schon bestehenden Centern. Klicken sie hier, um weitere Rezensionen zu lesen.<\/p>\n\t\t\t\t<div class=\"thfaq-enable-comment-box thfaqf-hide\"> <div class=\"thfaqf-comment-wrapper\">\n\t\t\t<form form method=\"post\" class=\"thfaqf-post-comment\" action=\"\">\n\t\t\t\t<p><input class=\"thfaqf-comment-box thfaqf-uname\" type=\"text\" placeholder=\"Name...\"name=\"user_name\"\/><\/p>\n\t\t\t\t<p class=\"threq-name\"><\/p>\n\t\t\t\t<input type=\"hidden\" name=\"action\" value=\"thfaqf_comment\">\n\t\t\t\t<input type=\"hidden\" name=\"faq_id\" value=\"42\">\n\t\t\t\t<input type=\"hidden\" name=\"faq_index\"value=\"2\">\n\t\t\t\t<p><textarea placeholder=\"Add a Comment...\"name=\"user_msg\" class=\"thfaqf-comment-box thfaqf-ucomment\"><\/textarea><\/p>\n\t\t\t\t<p class=\"threq-comment\"><\/p>\n\t\t\t\t<input type=\"hidden\" name=\"wp_thfaqc_nonce\" value=\"50dd270fbc\"\/>\n\t\t    \t<p><button type=\"submit\" name=\"thfaqf_comment_submt\" class=\"thfaqf-submt-cmmt button primary is-xsmall\" onclick=\"submitFaqfComment(this)\">Send<\/button><\/p><p class=\"thfaqf-comment-validetion\"><\/p>\n\t\t    <input type=\"hidden\" name=\"trp-form-language\" value=\"de\"\/><\/form>\t\n\n\t\t    \t\t<\/div><\/div>\n\t\t\t<\/div>\n\t\t\t<div class=\"log\"><\/div>\n\t\t<\/div>\n \t\t\t\t<div id=\"thfaqf-faq-item-42_3\" class=\"thfaqf-faq-item  thfaqf-faq-item-42    thfaqf-post-id-42 thfaqf-count-dsply-setngs\" style=\"border-radius: 6px;\" >\n\t\t\t<div data-active_color=\"#000000\" class=\"thfaqf-faq-item-title\" style=\"border-width: 1px; border-style: solid; margin-bottom: -1px; background-color: #fcfcfc; border-color: #fcfcfc;\">\n \t\t\t\t<h4>\n \t\t\t\t\t \t\t\t\t<span class=\"thfaq-marker thfaqf-toggle-icon\" style=\" color: #b2b2b2;\"><\/span>\n \t\t\t\t\t<span class=\"thfaqf-title-text\" style=\" color: #02314a;\" >Wo kann ich mehr \u00fcber das EESystem erfahren?<\/span>\n \t\t\t\t<\/h4>\t\n\t\t\t<\/div>\n\t\t\t<div class=\"thfaqf-faq-item-content\" style=\"border-width: 1px; border-style: solid; background-color: #fcfcfc; border-color: #fcfcfc; color: #02314a;\" >\n\t\t\t\t<p id=\"viewer-atf0a\" class=\"xVISr Y9Dpf OZy-3 lnyWN public-DraftStyleDefault-block-depth0 fixed-tab-size public-DraftStyleDefault-text-ltr\">Hier findest du das Interview von der Erfinderin Dr. Sandra Rose Michael und Jason Shurka. Zus\u00e4tzlich kann dir auch die Website des Energie Enhancement System weiterhelfen.<\/p>\n<div id=\"viewer-82th6\" class=\"QHjDE\">\n<div class=\"-jC8z UAgbc\">\n<div class=\"cZYzi\">\n<div tabindex=\"0\" data-hook=\"reactPlayerWrapper\">\n<div class=\"_1IUhX\" data-loaded=\"true\"><a href=\"https:\/\/www.youtube.com\/watch?v=KyrqHTmE4Bk\">https:\/\/www.youtube.com\/watch?v=KyrqHTmE4Bk<\/a><\/div>\n<\/div>\n<\/div>\n<\/div>\n<\/div>\n<div id=\"viewer-7up2h\" class=\"xVISr Y9Dpf OZy-3 lnyWN public-DraftStyleDefault-block-depth0 fixed-tab-size public-DraftStyleDefault-text-ltr\"><span class=\"B2EFF public-DraftStyleDefault-ltr\">\u00a0<\/span><\/div>\n<div id=\"viewer-es1nj\" class=\"QHjDE\">\n<div class=\"ugJKQ -jC8z z2rFB\">\n<div class=\"rIIlU\">Website: Energie Enhancement System<\/div>\n<\/div>\n<\/div>\n<div id=\"viewer-8nfg4\" class=\"xVISr Y9Dpf OZy-3 lnyWN public-DraftStyleDefault-block-depth0 fixed-tab-size public-DraftStyleDefault-text-ltr\"><span class=\"B2EFF public-DraftStyleDefault-ltr\">\u00a0<\/span><\/div>\n<div id=\"viewer-arog2\" class=\"xVISr Y9Dpf OZy-3 lnyWN public-DraftStyleDefault-block-depth0 fixed-tab-size public-DraftStyleDefault-text-ltr\"><\/div>\n\t\t\t\t<div class=\"thfaq-enable-comment-box thfaqf-hide\"> <div class=\"thfaqf-comment-wrapper\">\n\t\t\t<form form method=\"post\" class=\"thfaqf-post-comment\" action=\"\">\n\t\t\t\t<p><input class=\"thfaqf-comment-box thfaqf-uname\" type=\"text\" placeholder=\"Name...\"name=\"user_name\"\/><\/p>\n\t\t\t\t<p class=\"threq-name\"><\/p>\n\t\t\t\t<input type=\"hidden\" name=\"action\" value=\"thfaqf_comment\">\n\t\t\t\t<input type=\"hidden\" name=\"faq_id\" value=\"42\">\n\t\t\t\t<input type=\"hidden\" name=\"faq_index\"value=\"3\">\n\t\t\t\t<p><textarea placeholder=\"Add a Comment...\"name=\"user_msg\" class=\"thfaqf-comment-box thfaqf-ucomment\"><\/textarea><\/p>\n\t\t\t\t<p class=\"threq-comment\"><\/p>\n\t\t\t\t<input type=\"hidden\" name=\"wp_thfaqc_nonce\" value=\"50dd270fbc\"\/>\n\t\t    \t<p><button type=\"submit\" name=\"thfaqf_comment_submt\" class=\"thfaqf-submt-cmmt button primary is-xsmall\" onclick=\"submitFaqfComment(this)\">Send<\/button><\/p><p class=\"thfaqf-comment-validetion\"><\/p>\n\t\t    <input type=\"hidden\" name=\"trp-form-language\" value=\"de\"\/><\/form>\t\n\n\t\t    \t\t<\/div><\/div>\n\t\t\t<\/div>\n\t\t\t<div class=\"log\"><\/div>\n\t\t<\/div>\n \t\t\t\t<div id=\"thfaqf-faq-item-42_4\" class=\"thfaqf-faq-item  thfaqf-faq-item-42    thfaqf-post-id-42 thfaqf-count-dsply-setngs\" style=\"border-radius: 6px;\" >\n\t\t\t<div data-active_color=\"#000000\" class=\"thfaqf-faq-item-title\" style=\"border-width: 1px; border-style: solid; margin-bottom: -1px; background-color: #fcfcfc; border-color: #fcfcfc;\">\n \t\t\t\t<h4>\n \t\t\t\t\t \t\t\t\t<span class=\"thfaq-marker thfaqf-toggle-icon\" style=\" color: #b2b2b2;\"><\/span>\n \t\t\t\t\t<span class=\"thfaqf-title-text\" style=\" color: #02314a;\" >Wie bereite ich mich auf eine Sitzung vor?<\/span>\n \t\t\t\t<\/h4>\t\n\t\t\t<\/div>\n\t\t\t<div class=\"thfaqf-faq-item-content\" style=\"border-width: 1px; border-style: solid; background-color: #fcfcfc; border-color: #fcfcfc; color: #02314a;\" >\n\t\t\t\t<p>Was Sie zu Ihrer EE-Sitzung mitbringen sollten:<\/p>\n<ol>\n<li>Schlaf-Augenmaske, wenn Sie v\u00f6llige Dunkelheit w\u00fcnschen.<\/li>\n<li>Kopfh\u00f6rer zur Ger\u00e4uschunterdr\u00fcckung und zum H\u00f6ren Ihrer Lieblingsmeditationsmusik.<\/li>\n<li>Eine Wasserflasche damit sie hydriert bleiben.<\/li>\n<li>Wir haben gem\u00fctliche Sessel mit liege Funktion und Aufstehhilfe (falls erforderlich). Sollten sie einen Extra Komfort w\u00fcnschen steht es ihnen frei sich ein Kissen oder ihre Lieblingsdecke mitzubringen. Sollten sie diese einmal vergessen, stellen wir ihnen diese auch gerne zur Verf\u00fcgung<\/li>\n<li>Trinken Sie vor und nach Ihrer EE-Sitzung viel Wasser. Es wird Ihrem K\u00f6rper helfen.<\/li>\n<li>Kommen Sie mit einem offenen Herzen und Geist, bereit, sich zu entspannen und das allgemeine Wohlbefinden Ihres K\u00f6rpers zu unterst\u00fctzen.<\/li>\n<\/ol>\n\t\t\t\t<div class=\"thfaq-enable-comment-box thfaqf-hide\"> <div class=\"thfaqf-comment-wrapper\">\n\t\t\t<form form method=\"post\" class=\"thfaqf-post-comment\" action=\"\">\n\t\t\t\t<p><input class=\"thfaqf-comment-box thfaqf-uname\" type=\"text\" placeholder=\"Name...\"name=\"user_name\"\/><\/p>\n\t\t\t\t<p class=\"threq-name\"><\/p>\n\t\t\t\t<input type=\"hidden\" name=\"action\" value=\"thfaqf_comment\">\n\t\t\t\t<input type=\"hidden\" name=\"faq_id\" value=\"42\">\n\t\t\t\t<input type=\"hidden\" name=\"faq_index\"value=\"4\">\n\t\t\t\t<p><textarea placeholder=\"Add a Comment...\"name=\"user_msg\" class=\"thfaqf-comment-box thfaqf-ucomment\"><\/textarea><\/p>\n\t\t\t\t<p class=\"threq-comment\"><\/p>\n\t\t\t\t<input type=\"hidden\" name=\"wp_thfaqc_nonce\" value=\"50dd270fbc\"\/>\n\t\t    \t<p><button type=\"submit\" name=\"thfaqf_comment_submt\" class=\"thfaqf-submt-cmmt button primary is-xsmall\" onclick=\"submitFaqfComment(this)\">Send<\/button><\/p><p class=\"thfaqf-comment-validetion\"><\/p>\n\t\t    <input type=\"hidden\" name=\"trp-form-language\" value=\"de\"\/><\/form>\t\n\n\t\t    \t\t<\/div><\/div>\n\t\t\t<\/div>\n\t\t\t<div class=\"log\"><\/div>\n\t\t<\/div>\n \t\t<\/div>\t        <p class=\"thfaqf-display-faq-setngs hide-faqf-group\">\n\t\t\t\t<span class=\"thfaqf-pagination\">\n\t\t\t\t\t<span onclick=\"ThfaqPagination(this,'prev_page')\" ><a class=\"thfaqf-prev-page thfaqf-div-none\"  href=\"#\"><<<\/a><\/span>\t\n\t\t\t\t\t\t\t\t            <span class=\"thfaqf-page-no\" data-number=\"1\">\n\t\t\t           \t<a class=\"thfaqf-pnumber thfaq-ft current\"href=\"#\" onclick=\"ThfaqEachPage(this)\" >1<\/a>\n\t\t\t            <\/span>\n\t\t\t             \n\t\t        \t<span onclick=\"ThfaqPagination(this,'next_page')\" data-page_count=\"1\"><a class=\"thfaqf-next-page thfaqf-div-none\" href=\"#\">>><\/a><\/span>\t\n\t\t\t\t<\/span>\n\t\t\t\t<input type=\"hidden\" class=\"thfaqf-count-faq-number\"name=\"count_faq\" value=\"5\"\/>\n\t\t\t<\/p><br>\n            \t    <\/div>","protected":false},"excerpt":{"rendered":"What can I do after the sessions to enhance the effect? Drink plenty of water. This will help eliminate toxins. Take a detox bath. We have special blends of sea...","protected":false},"author":3,"featured_media":0,"parent":0,"menu_order":0,"comment_status":"closed","ping_status":"closed","template":"","meta":{"footnotes":""},"class_list":["post-43","page","type-page","status-publish"],"_links":{"self":[{"href":"https:\/\/bioscalar.de\/de\/wp-json\/wp\/v2\/pages\/43"}],"collection":[{"href":"https:\/\/bioscalar.de\/de\/wp-json\/wp\/v2\/pages"}],"about":[{"href":"https:\/\/bioscalar.de\/de\/wp-json\/wp\/v2\/types\/page"}],"author":[{"embeddable":true,"href":"https:\/\/bioscalar.de\/de\/wp-json\/wp\/v2\/users\/3"}],"replies":[{"embeddable":true,"href":"https:\/\/bioscalar.de\/de\/wp-json\/wp\/v2\/comments?post=43"}],"version-history":[{"count":7,"href":"https:\/\/bioscalar.de\/de\/wp-json\/wp\/v2\/pages\/43\/revisions"}],"predecessor-version":[{"id":6344,"href":"https:\/\/bioscalar.de\/de\/wp-json\/wp\/v2\/pages\/43\/revisions\/6344"}],"wp:attachment":[{"href":"https:\/\/bioscalar.de\/de\/wp-json\/wp\/v2\/media?parent=43"}],"curies":[{"name":"wp","href":"https:\/\/api.w.org\/{rel}","templated":true}]}}